{"id":601,"date":"2016-10-24T14:43:20","date_gmt":"2016-10-24T18:43:20","guid":{"rendered":"http:\/\/simon.wps.dev\/fr\/home-purchase-overview\/"},"modified":"2017-01-14T22:39:30","modified_gmt":"2017-01-15T03:39:30","slug":"home-purchase-overview","status":"publish","type":"page","link":"https:\/\/justinmeneano.ca\/fr\/home-purchase\/home-purchase-overview\/","title":{"rendered":"Acheter une Maison"},"content":{"rendered":"<blockquote><p>AUX CENTRES HYPOTH\u00c9CAIRES DOMINION, NOUS VOULONS INFORMER CHAQUE ACHETEUR DE SES MULTIPLES OPTIONS DISPONIBLES AVANT L\u2019ACHAT ET LA DATE BUTOIR.<\/p><\/blockquote>\n<p>Aujourd\u2019hui, les pr\u00eats capitalis\u00e9s \u00e0 l\u2019\u00e9ch\u00e9ance, les programmes pour travailleurs autonomes, les programmes d\u2019achat\/location, les programmes de propri\u00e9t\u00e9s de vacances et toute une panoplie d\u2019autres alternatives financi\u00e8res novatrices pars\u00e8ment le monde de l\u2019achat domiciliaire, am\u00e9liorant l\u2019acc\u00e8s \u00e0 la propri\u00e9t\u00e9.<\/p>\n<p>Que ce soit votre premi\u00e8re maison ou que vous soyez un acheteur exp\u00e9riment\u00e9 avec un excellent cr\u00e9dit, les centres hypoth\u00e9caires Dominion vous donnent acc\u00e8s aux meilleurs produits et aux meilleurs taux offerts au Canada. Appelez-nous\u2026 vous serez surpris!<\/p>\n","protected":false},"excerpt":{"rendered":"<p>Acheter une maison repr\u00e9sente l\u2019achat le plus important qu\u2019une personne puisse faire dans sa vie. Maintenant plus que jamais, les institutions financi\u00e8res mettent sur pied de nouveaux produits et programmes, afin de faciliter l\u2019acc\u00e8s \u00e0 la propri\u00e9t\u00e9.<\/p>\n","protected":false},"author":1,"featured_media":516,"parent":628,"menu_order":0,"comment_status":"closed","ping_status":"closed","template":"","meta":[],"yoast_head":"<!-- This site is optimized with the Yoast SEO plugin v17.1 - https:\/\/yoast.com\/wordpress\/plugins\/seo\/ -->\n<meta name=\"robots\" content=\"index, follow, max-snippet:-1, max-image-preview:large, max-video-preview:-1\" \/>\n<link rel=\"canonical\" href=\"https:\/\/justinmeneano.ca\/fr\/home-purchase\/home-purchase-overview\/\" \/>\n<meta property=\"og:locale\" content=\"fr_FR\" \/>\n<meta property=\"og:type\" content=\"article\" \/>\n<meta property=\"og:title\" content=\"Acheter une Maison - Centres Hypoth\u00e9caires Dominion\" \/>\n<meta property=\"og:description\" content=\"Acheter une maison repr\u00e9sente l\u2019achat le plus important qu\u2019une personne puisse faire dans sa vie. Maintenant plus que jamais, les institutions financi\u00e8res mettent sur pied de nouveaux produits et programmes, afin de faciliter l\u2019acc\u00e8s \u00e0 la propri\u00e9t\u00e9.\" \/>\n<meta property=\"og:url\" content=\"https:\/\/justinmeneano.ca\/fr\/home-purchase\/home-purchase-overview\/\" \/>\n<meta property=\"og:site_name\" content=\"Centres Hypoth\u00e9caires Dominion\" \/>\n<meta property=\"article:modified_time\" content=\"2017-01-15T03:39:30+00:00\" \/>\n<meta property=\"og:image\" content=\"https:\/\/justinmeneano.ca\/wp-content\/uploads\/2016\/10\/home-purchase.jpg\" \/>\n\t<meta property=\"og:image:width\" content=\"1200\" \/>\n\t<meta property=\"og:image:height\" content=\"611\" \/>\n<meta name=\"twitter:card\" content=\"summary\" \/>\n<meta name=\"twitter:label1\" content=\"Dur\u00e9e de lecture est.\" \/>\n\t<meta name=\"twitter:data1\" content=\"1 minute\" \/>\n<script type=\"application\/ld+json\" class=\"yoast-schema-graph\">{\"@context\":\"https:\/\/schema.org\",\"@graph\":[{\"@type\":\"Organization\",\"@id\":\"https:\/\/justinmeneano.ca\/#organization\",\"name\":\"Centres Hypoth\\u00e9caires Dominion\",\"url\":\"https:\/\/justinmeneano.ca\/\",\"sameAs\":[],\"logo\":{\"@type\":\"ImageObject\",\"@id\":\"https:\/\/justinmeneano.ca\/#logo\",\"inLanguage\":\"fr-FR\",\"url\":\"http:\/\/master.wps.dlcserver.com\/wp-content\/uploads\/2017\/01\/vector_DLC1.jpg\",\"contentUrl\":\"http:\/\/master.wps.dlcserver.com\/wp-content\/uploads\/2017\/01\/vector_DLC1.jpg\",\"width\":369,\"height\":173,\"caption\":\"Centres Hypoth\\u00e9caires Dominion\"},\"image\":{\"@id\":\"https:\/\/justinmeneano.ca\/#logo\"}},{\"@type\":\"WebSite\",\"@id\":\"https:\/\/justinmeneano.ca\/#website\",\"url\":\"https:\/\/justinmeneano.ca\/\",\"name\":\"Centres Hypoth\\u00e9caires Dominion\",\"description\":\"Just another WordPress site\",\"publisher\":{\"@id\":\"https:\/\/justinmeneano.ca\/#organization\"},\"potentialAction\":[{\"@type\":\"SearchAction\",\"target\":{\"@type\":\"EntryPoint\",\"urlTemplate\":\"https:\/\/justinmeneano.ca\/?s={search_term_string}\"},\"query-input\":\"required name=search_term_string\"}],\"inLanguage\":\"fr-FR\"},{\"@type\":\"ImageObject\",\"@id\":\"https:\/\/justinmeneano.ca\/fr\/home-purchase\/home-purchase-overview\/#primaryimage\",\"inLanguage\":\"fr-FR\",\"url\":\"https:\/\/justinmeneano.ca\/wp-content\/uploads\/2016\/10\/home-purchase.jpg\",\"contentUrl\":\"https:\/\/justinmeneano.ca\/wp-content\/uploads\/2016\/10\/home-purchase.jpg\",\"width\":1200,\"height\":611},{\"@type\":\"WebPage\",\"@id\":\"https:\/\/justinmeneano.ca\/fr\/home-purchase\/home-purchase-overview\/#webpage\",\"url\":\"https:\/\/justinmeneano.ca\/fr\/home-purchase\/home-purchase-overview\/\",\"name\":\"Acheter une Maison - Centres Hypoth\\u00e9caires Dominion\",\"isPartOf\":{\"@id\":\"https:\/\/justinmeneano.ca\/#website\"},\"primaryImageOfPage\":{\"@id\":\"https:\/\/justinmeneano.ca\/fr\/home-purchase\/home-purchase-overview\/#primaryimage\"},\"datePublished\":\"2016-10-24T18:43:20+00:00\",\"dateModified\":\"2017-01-15T03:39:30+00:00\",\"breadcrumb\":{\"@id\":\"https:\/\/justinmeneano.ca\/fr\/home-purchase\/home-purchase-overview\/#breadcrumb\"},\"inLanguage\":\"fr-FR\",\"potentialAction\":[{\"@type\":\"ReadAction\",\"target\":[\"https:\/\/justinmeneano.ca\/fr\/home-purchase\/home-purchase-overview\/\"]}]},{\"@type\":\"BreadcrumbList\",\"@id\":\"https:\/\/justinmeneano.ca\/fr\/home-purchase\/home-purchase-overview\/#breadcrumb\",\"itemListElement\":[{\"@type\":\"ListItem\",\"position\":1,\"name\":\"Home\",\"item\":\"https:\/\/justinmeneano.ca\/fr\/\"},{\"@type\":\"ListItem\",\"position\":2,\"name\":\"Home Purchase\",\"item\":\"https:\/\/justinmeneano.ca\/fr\/home-purchase\/\"},{\"@type\":\"ListItem\",\"position\":3,\"name\":\"Acheter une Maison\"}]}]}<\/script>\n<!-- \/ Yoast SEO plugin. -->","yoast_head_json":{"robots":{"index":"index","follow":"follow","max-snippet":"max-snippet:-1","max-image-preview":"max-image-preview:large","max-video-preview":"max-video-preview:-1"},"canonical":"https:\/\/justinmeneano.ca\/fr\/home-purchase\/home-purchase-overview\/","og_locale":"fr_FR","og_type":"article","og_title":"Acheter une Maison - Centres Hypoth\u00e9caires Dominion","og_description":"Acheter une maison repr\u00e9sente l\u2019achat le plus important qu\u2019une personne puisse faire dans sa vie. Maintenant plus que jamais, les institutions financi\u00e8res mettent sur pied de nouveaux produits et programmes, afin de faciliter l\u2019acc\u00e8s \u00e0 la propri\u00e9t\u00e9.","og_url":"https:\/\/justinmeneano.ca\/fr\/home-purchase\/home-purchase-overview\/","og_site_name":"Centres Hypoth\u00e9caires Dominion","article_modified_time":"2017-01-15T03:39:30+00:00","og_image":[{"width":1200,"height":611,"url":"https:\/\/justinmeneano.ca\/wp-content\/uploads\/2016\/10\/home-purchase.jpg","path":"\/var\/www\/sites\/wps\/sites\/code\/wp-content\/uploads\/2016\/10\/home-purchase.jpg","size":"full","id":516,"alt":"","pixels":733200,"type":"image\/jpeg"}],"twitter_card":"summary","twitter_misc":{"Dur\u00e9e de lecture est.":"1 minute"},"schema":{"@context":"https:\/\/schema.org","@graph":[{"@type":"Organization","@id":"https:\/\/justinmeneano.ca\/#organization","name":"Centres Hypoth\u00e9caires Dominion","url":"https:\/\/justinmeneano.ca\/","sameAs":[],"logo":{"@type":"ImageObject","@id":"https:\/\/justinmeneano.ca\/#logo","inLanguage":"fr-FR","url":"http:\/\/master.wps.dlcserver.com\/wp-content\/uploads\/2017\/01\/vector_DLC1.jpg","contentUrl":"http:\/\/master.wps.dlcserver.com\/wp-content\/uploads\/2017\/01\/vector_DLC1.jpg","width":369,"height":173,"caption":"Centres Hypoth\u00e9caires Dominion"},"image":{"@id":"https:\/\/justinmeneano.ca\/#logo"}},{"@type":"WebSite","@id":"https:\/\/justinmeneano.ca\/#website","url":"https:\/\/justinmeneano.ca\/","name":"Centres Hypoth\u00e9caires Dominion","description":"Just another WordPress site","publisher":{"@id":"https:\/\/justinmeneano.ca\/#organization"},"potentialAction":[{"@type":"SearchAction","target":{"@type":"EntryPoint","urlTemplate":"https:\/\/justinmeneano.ca\/?s={search_term_string}"},"query-input":"required name=search_term_string"}],"inLanguage":"fr-FR"},{"@type":"ImageObject","@id":"https:\/\/justinmeneano.ca\/fr\/home-purchase\/home-purchase-overview\/#primaryimage","inLanguage":"fr-FR","url":"https:\/\/justinmeneano.ca\/wp-content\/uploads\/2016\/10\/home-purchase.jpg","contentUrl":"https:\/\/justinmeneano.ca\/wp-content\/uploads\/2016\/10\/home-purchase.jpg","width":1200,"height":611},{"@type":"WebPage","@id":"https:\/\/justinmeneano.ca\/fr\/home-purchase\/home-purchase-overview\/#webpage","url":"https:\/\/justinmeneano.ca\/fr\/home-purchase\/home-purchase-overview\/","name":"Acheter une Maison - Centres Hypoth\u00e9caires Dominion","isPartOf":{"@id":"https:\/\/justinmeneano.ca\/#website"},"primaryImageOfPage":{"@id":"https:\/\/justinmeneano.ca\/fr\/home-purchase\/home-purchase-overview\/#primaryimage"},"datePublished":"2016-10-24T18:43:20+00:00","dateModified":"2017-01-15T03:39:30+00:00","breadcrumb":{"@id":"https:\/\/justinmeneano.ca\/fr\/home-purchase\/home-purchase-overview\/#breadcrumb"},"inLanguage":"fr-FR","potentialAction":[{"@type":"ReadAction","target":["https:\/\/justinmeneano.ca\/fr\/home-purchase\/home-purchase-overview\/"]}]},{"@type":"BreadcrumbList","@id":"https:\/\/justinmeneano.ca\/fr\/home-purchase\/home-purchase-overview\/#breadcrumb","itemListElement":[{"@type":"ListItem","position":1,"name":"Home","item":"https:\/\/justinmeneano.ca\/fr\/"},{"@type":"ListItem","position":2,"name":"Home Purchase","item":"https:\/\/justinmeneano.ca\/fr\/home-purchase\/"},{"@type":"ListItem","position":3,"name":"Acheter une Maison"}]}]}},"_links":{"self":[{"href":"https:\/\/justinmeneano.ca\/fr\/wp-json\/wp\/v2\/pages\/601"}],"collection":[{"href":"https:\/\/justinmeneano.ca\/fr\/wp-json\/wp\/v2\/pages"}],"about":[{"href":"https:\/\/justinmeneano.ca\/fr\/wp-json\/wp\/v2\/types\/page"}],"author":[{"embeddable":true,"href":"https:\/\/justinmeneano.ca\/fr\/wp-json\/wp\/v2\/users\/1"}],"replies":[{"embeddable":true,"href":"https:\/\/justinmeneano.ca\/fr\/wp-json\/wp\/v2\/comments?post=601"}],"version-history":[{"count":2,"href":"https:\/\/justinmeneano.ca\/fr\/wp-json\/wp\/v2\/pages\/601\/revisions"}],"predecessor-version":[{"id":915,"href":"https:\/\/justinmeneano.ca\/fr\/wp-json\/wp\/v2\/pages\/601\/revisions\/915"}],"up":[{"embeddable":true,"href":"https:\/\/justinmeneano.ca\/fr\/wp-json\/wp\/v2\/pages\/628"}],"wp:featuredmedia":[{"embeddable":true,"href":"https:\/\/justinmeneano.ca\/fr\/wp-json\/wp\/v2\/media\/516"}],"wp:attachment":[{"href":"https:\/\/justinmeneano.ca\/fr\/wp-json\/wp\/v2\/media?parent=601"}],"curies":[{"name":"wp","href":"https:\/\/api.w.org\/{rel}","templated":true}]}}